{"id":6521,"date":"2025-07-17T05:44:07","date_gmt":"2025-07-17T05:44:07","guid":{"rendered":"https:\/\/membros.agroepecas.com.br\/login\/?page_id=6521"},"modified":"2025-12-01T21:52:01","modified_gmt":"2025-12-01T21:52:01","slug":"login","status":"publish","type":"page","link":"https:\/\/membros.agroepecas.com.br\/vitrine\/login\/","title":{"rendered":"Login"},"content":{"rendered":"\t\t<div data-elementor-type=\"wp-page\" data-elementor-id=\"6521\" class=\"elementor elementor-6521\" data-elementor-settings=\"{&quot;element_pack_global_tooltip_width&quot;:{&quot;unit&quot;:&quot;px&quot;,&quot;size&quot;:&quot;&quot;,&quot;sizes&quot;:[]},&quot;element_pack_global_tooltip_width_widescreen&quot;:{&quot;unit&quot;:&quot;px&quot;,&quot;size&quot;:&quot;&quot;,&quot;sizes&quot;:[]},&quot;element_pack_global_tooltip_width_laptop&quot;:{&quot;unit&quot;:&quot;px&quot;,&quot;size&quot;:&quot;&quot;,&quot;sizes&quot;:[]},&quot;element_pack_global_tooltip_width_tablet_extra&quot;:{&quot;unit&quot;:&quot;px&quot;,&quot;size&quot;:&quot;&quot;,&quot;sizes&quot;:[]},&quot;element_pack_global_tooltip_width_tablet&quot;:{&quot;unit&quot;:&quot;px&quot;,&quot;size&quot;:&quot;&quot;,&quot;sizes&quot;:[]},&quot;element_pack_global_tooltip_width_mobile_extra&quot;:{&quot;unit&quot;:&quot;px&quot;,&quot;size&quot;:&quot;&quot;,&quot;sizes&quot;:[]},&quot;element_pack_global_tooltip_width_mobile&quot;:{&quot;unit&quot;:&quot;px&quot;,&quot;size&quot;:&quot;&quot;,&quot;sizes&quot;:[]},&quot;element_pack_global_tooltip_padding&quot;:{&quot;unit&quot;:&quot;px&quot;,&quot;top&quot;:&quot;&quot;,&quot;right&quot;:&quot;&quot;,&quot;bottom&quot;:&quot;&quot;,&quot;left&quot;:&quot;&quot;,&quot;isLinked&quot;:true},&quot;element_pack_global_tooltip_padding_widescreen&quot;:{&quot;unit&quot;:&quot;px&quot;,&quot;top&quot;:&quot;&quot;,&quot;right&quot;:&quot;&quot;,&quot;bottom&quot;:&quot;&quot;,&quot;left&quot;:&quot;&quot;,&quot;isLinked&quot;:true},&quot;element_pack_global_tooltip_padding_laptop&quot;:{&quot;unit&quot;:&quot;px&quot;,&quot;top&quot;:&quot;&quot;,&quot;right&quot;:&quot;&quot;,&quot;bottom&quot;:&quot;&quot;,&quot;left&quot;:&quot;&quot;,&quot;isLinked&quot;:true},&quot;element_pack_global_tooltip_padding_tablet_extra&quot;:{&quot;unit&quot;:&quot;px&quot;,&quot;top&quot;:&quot;&quot;,&quot;right&quot;:&quot;&quot;,&quot;bottom&quot;:&quot;&quot;,&quot;left&quot;:&quot;&quot;,&quot;isLinked&quot;:true},&quot;element_pack_global_tooltip_padding_tablet&quot;:{&quot;unit&quot;:&quot;px&quot;,&quot;top&quot;:&quot;&quot;,&quot;right&quot;:&quot;&quot;,&quot;bottom&quot;:&quot;&quot;,&quot;left&quot;:&quot;&quot;,&quot;isLinked&quot;:true},&quot;element_pack_global_tooltip_padding_mobile_extra&quot;:{&quot;unit&quot;:&quot;px&quot;,&quot;top&quot;:&quot;&quot;,&quot;right&quot;:&quot;&quot;,&quot;bottom&quot;:&quot;&quot;,&quot;left&quot;:&quot;&quot;,&quot;isLinked&quot;:true},&quot;element_pack_global_tooltip_padding_mobile&quot;:{&quot;unit&quot;:&quot;px&quot;,&quot;top&quot;:&quot;&quot;,&quot;right&quot;:&quot;&quot;,&quot;bottom&quot;:&quot;&quot;,&quot;left&quot;:&quot;&quot;,&quot;isLinked&quot;:true},&quot;element_pack_global_tooltip_border_radius&quot;:{&quot;unit&quot;:&quot;px&quot;,&quot;top&quot;:&quot;&quot;,&quot;right&quot;:&quot;&quot;,&quot;bottom&quot;:&quot;&quot;,&quot;left&quot;:&quot;&quot;,&quot;isLinked&quot;:true},&quot;element_pack_global_tooltip_border_radius_widescreen&quot;:{&quot;unit&quot;:&quot;px&quot;,&quot;top&quot;:&quot;&quot;,&quot;right&quot;:&quot;&quot;,&quot;bottom&quot;:&quot;&quot;,&quot;left&quot;:&quot;&quot;,&quot;isLinked&quot;:true},&quot;element_pack_global_tooltip_border_radius_laptop&quot;:{&quot;unit&quot;:&quot;px&quot;,&quot;top&quot;:&quot;&quot;,&quot;right&quot;:&quot;&quot;,&quot;bottom&quot;:&quot;&quot;,&quot;left&quot;:&quot;&quot;,&quot;isLinked&quot;:true},&quot;element_pack_global_tooltip_border_radius_tablet_extra&quot;:{&quot;unit&quot;:&quot;px&quot;,&quot;top&quot;:&quot;&quot;,&quot;right&quot;:&quot;&quot;,&quot;bottom&quot;:&quot;&quot;,&quot;left&quot;:&quot;&quot;,&quot;isLinked&quot;:true},&quot;element_pack_global_tooltip_border_radius_tablet&quot;:{&quot;unit&quot;:&quot;px&quot;,&quot;top&quot;:&quot;&quot;,&quot;right&quot;:&quot;&quot;,&quot;bottom&quot;:&quot;&quot;,&quot;left&quot;:&quot;&quot;,&quot;isLinked&quot;:true},&quot;element_pack_global_tooltip_border_radius_mobile_extra&quot;:{&quot;unit&quot;:&quot;px&quot;,&quot;top&quot;:&quot;&quot;,&quot;right&quot;:&quot;&quot;,&quot;bottom&quot;:&quot;&quot;,&quot;left&quot;:&quot;&quot;,&quot;isLinked&quot;:true},&quot;element_pack_global_tooltip_border_radius_mobile&quot;:{&quot;unit&quot;:&quot;px&quot;,&quot;top&quot;:&quot;&quot;,&quot;right&quot;:&quot;&quot;,&quot;bottom&quot;:&quot;&quot;,&quot;left&quot;:&quot;&quot;,&quot;isLinked&quot;:true}}\" data-elementor-post-type=\"page\">\n\t\t\t\t<div class=\"elementor-element elementor-element-b4a24cc e-flex e-con-boxed e-con e-parent\" data-id=\"b4a24cc\" data-element_type=\"container\" data-e-type=\"container\" data-settings=\"{&quot;background_background&quot;:&quot;classic&quot;}\">\n\t\t\t\t\t<div class=\"e-con-inner\">\n\t\t<div class=\"elementor-element elementor-element-b39cdfe e-con-full e-flex e-con e-child\" data-id=\"b39cdfe\" data-element_type=\"container\" data-e-type=\"container\">\n\t\t<div class=\"elementor-element elementor-element-146d79b e-con-full e-flex e-con e-child\" data-id=\"146d79b\" data-element_type=\"container\" data-e-type=\"container\">\n\t\t\t\t<div class=\"elementor-element elementor-element-a7ca1c9 elementor-widget elementor-widget-image\" data-id=\"a7ca1c9\" data-element_type=\"widget\" data-e-type=\"widget\" data-widget_type=\"image.default\">\n\t\t\t\t<div class=\"elementor-widget-container\">\n\t\t\t\t\t\t\t\t\t\t\t\t\t\t\t<img fetchpriority=\"high\" decoding=\"async\" width=\"1024\" height=\"512\" src=\"https:\/\/membros.agroepecas.com.br\/wp-content\/uploads\/2024\/10\/BEM-VINDO-A-AREA-DE-MEMBROS-_2_-1024x512.webp\" class=\"attachment-large size-large wp-image-5145\" alt=\"\" srcset=\"https:\/\/membros.agroepecas.com.br\/wp-content\/uploads\/2024\/10\/BEM-VINDO-A-AREA-DE-MEMBROS-_2_-1024x512.webp 1024w, https:\/\/membros.agroepecas.com.br\/wp-content\/uploads\/2024\/10\/BEM-VINDO-A-AREA-DE-MEMBROS-_2_-300x150.webp 300w, https:\/\/membros.agroepecas.com.br\/wp-content\/uploads\/2024\/10\/BEM-VINDO-A-AREA-DE-MEMBROS-_2_-768x384.webp 768w, https:\/\/membros.agroepecas.com.br\/wp-content\/uploads\/2024\/10\/BEM-VINDO-A-AREA-DE-MEMBROS-_2_-1536x768.webp 1536w, https:\/\/membros.agroepecas.com.br\/wp-content\/uploads\/2024\/10\/BEM-VINDO-A-AREA-DE-MEMBROS-_2_-2048x1024.webp 2048w, https:\/\/membros.agroepecas.com.br\/wp-content\/uploads\/2024\/10\/BEM-VINDO-A-AREA-DE-MEMBROS-_2_-600x300.webp 600w\" sizes=\"(max-width: 1024px) 100vw, 1024px\" \/>\t\t\t\t\t\t\t\t\t\t\t\t\t\t\t<\/div>\n\t\t\t\t<\/div>\n\t\t\t\t<div class=\"elementor-element elementor-element-b603800 elementor-widget elementor-widget-shortcode\" data-id=\"b603800\" data-element_type=\"widget\" data-e-type=\"widget\" data-widget_type=\"shortcode.default\">\n\t\t\t\t<div class=\"elementor-widget-container\">\n\t\t\t\t\t\t\t<div class=\"elementor-shortcode\"><\/div>\n\t\t\t\t\t\t<\/div>\n\t\t\t\t<\/div>\n\t\t\t\t<\/div>\n\t\t<div class=\"elementor-element elementor-element-717d850 e-con-full e-flex e-con e-child\" data-id=\"717d850\" data-element_type=\"container\" data-e-type=\"container\">\n\t\t\t\t<div class=\"elementor-element elementor-element-17b3b84 elementor-button-align-center elementor-widget elementor-widget-login\" data-id=\"17b3b84\" data-element_type=\"widget\" data-e-type=\"widget\" data-widget_type=\"login.default\">\n\t\t\t\t<div class=\"elementor-widget-container\">\n\t\t\t\t\t\t\t<form class=\"elementor-login elementor-form\" method=\"post\" action=\"https:\/\/membros.agroepecas.com.br\/wp-login.php\" aria-label=\"Login form\">\n\t\t\t<input type=\"hidden\" name=\"redirect_to\" value=\"https:\/\/membros.agroepecas.com.br\/vitrine\/\">\n\t\t\t<div class=\"elementor-form-fields-wrapper\">\n\t\t\t\t<div class=\"elementor-field-type-text elementor-field-group elementor-column elementor-col-100 elementor-field-required\">\n\t\t\t\t\t<label for=\"user-17b3b84\" class=\"elementor-field-label elementor-screen-only\"><\/label>\n\t\t\t\t\t<input size=\"1\" type=\"text\" name=\"log\" id=\"user-17b3b84\" placeholder=\"Seu email\" class=\"elementor-field elementor-field-textual elementor-size-sm\">\n\t\t\t\t<\/div>\n\t\t\t\t<div class=\"elementor-field-type-text elementor-field-group elementor-column elementor-col-100 elementor-field-required\">\n\t\t\t\t\t<label for=\"password-17b3b84\" class=\"elementor-field-label elementor-screen-only\">Password<\/label>\n\t\t\t\t\t<input size=\"1\" type=\"password\" name=\"pwd\" id=\"password-17b3b84\" placeholder=\"Sua Senha\" class=\"elementor-field elementor-field-textual elementor-size-sm\">\n\t\t\t\t<\/div>\n\n\t\t\t\t\n\t\t\t\t<div class=\"elementor-field-group elementor-column elementor-field-type-submit elementor-col-100\">\n\t\t\t\t\t<button type=\"submit\" class=\"elementor-size-md elementor-button\" name=\"wp-submit\">\n\t\t\t\t\t\t\t\t\t\t\t\t\t\t\t<span class=\"elementor-button-text\">ACESSAR AGORA<\/span>\n\t\t\t\t\t\t\t\t\t\t\t\t<\/button>\n\t\t\t\t<\/div>\n\n\t\t\t\t\t\t\t<\/div>\n\t\t<\/form>\n\t\t\t\t\t\t<\/div>\n\t\t\t\t<\/div>\n\t\t\t\t<div class=\"elementor-element elementor-element-3c356ab elementor-widget elementor-widget-heading\" data-id=\"3c356ab\" data-element_type=\"widget\" data-e-type=\"widget\" data-widget_type=\"heading.default\">\n\t\t\t\t<div class=\"elementor-widget-container\">\n\t\t\t\t\t<h2 class=\"elementor-heading-title elementor-size-default\"><a href=\"https:\/\/membros.agroepecas.com.br\/cadastro\/\">Ainda n\u00e3o faz parte? Cadastre-se Agora, \u00e9 Gr\u00e1tis !<\/a><\/h2>\t\t\t\t<\/div>\n\t\t\t\t<\/div>\n\t\t\t\t<div class=\"elementor-element elementor-element-715cb0b elementor-widget elementor-widget-heading\" data-id=\"715cb0b\" data-element_type=\"widget\" data-e-type=\"widget\" data-widget_type=\"heading.default\">\n\t\t\t\t<div class=\"elementor-widget-container\">\n\t\t\t\t\t<h2 class=\"elementor-heading-title elementor-size-default\"><a href=\"https:\/\/membros.agroepecas.com.br\/reset-password\/\">Esqueceu a senha? <\/a><\/h2>\t\t\t\t<\/div>\n\t\t\t\t<\/div>\n\t\t\t\t<\/div>\n\t\t\t\t<\/div>\n\t\t<div class=\"elementor-element elementor-element-9dbb882 e-con-full e-flex e-con e-child\" data-id=\"9dbb882\" data-element_type=\"container\" data-e-type=\"container\">\n\t\t\t\t<div class=\"elementor-element elementor-element-3dc3eda eael_liquid_glass_border_distortion_yes eael_liquid_glass-effect1 elementor-invisible elementor-widget elementor-widget-theme-post-featured-image elementor-widget-image\" data-id=\"3dc3eda\" data-element_type=\"widget\" data-e-type=\"widget\" data-settings=\"{&quot;_animation&quot;:&quot;slideInUp&quot;}\" data-widget_type=\"theme-post-featured-image.default\">\n\t\t\t\t<div class=\"elementor-widget-container\">\n\t\t\t\t\t\t\t\t\t\t\t\t\t\t\t<img decoding=\"async\" width=\"1024\" height=\"1024\" src=\"https:\/\/membros.agroepecas.com.br\/wp-content\/uploads\/2024\/10\/TRAOTR-AGROEPECAS.webp\" class=\"attachment-large size-large wp-image-5141\" alt=\"\" srcset=\"https:\/\/membros.agroepecas.com.br\/wp-content\/uploads\/2024\/10\/TRAOTR-AGROEPECAS.webp 1024w, https:\/\/membros.agroepecas.com.br\/wp-content\/uploads\/2024\/10\/TRAOTR-AGROEPECAS-300x300.webp 300w, https:\/\/membros.agroepecas.com.br\/wp-content\/uploads\/2024\/10\/TRAOTR-AGROEPECAS-150x150.webp 150w, https:\/\/membros.agroepecas.com.br\/wp-content\/uploads\/2024\/10\/TRAOTR-AGROEPECAS-768x768.webp 768w, https:\/\/membros.agroepecas.com.br\/wp-content\/uploads\/2024\/10\/TRAOTR-AGROEPECAS-600x600.webp 600w, https:\/\/membros.agroepecas.com.br\/wp-content\/uploads\/2024\/10\/TRAOTR-AGROEPECAS-100x100.webp 100w\" sizes=\"(max-width: 1024px) 100vw, 1024px\" \/>\t\t\t\t\t\t\t\t\t\t\t\t\t\t\t<\/div>\n\t\t\t\t<\/div>\n\t\t\t\t<\/div>\n\t\t\t\t\t<\/div>\n\t\t\t\t<\/div>\n\t\t<div class=\"elementor-element elementor-element-d0b05de e-flex e-con-boxed e-con e-parent\" data-id=\"d0b05de\" data-element_type=\"container\" data-e-type=\"container\">\n\t\t\t\t\t<div class=\"e-con-inner\">\n\t\t\t\t<div class=\"elementor-element elementor-element-4d0c45c elementor-widget elementor-widget-html\" data-id=\"4d0c45c\" data-element_type=\"widget\" data-e-type=\"widget\" data-widget_type=\"html.default\">\n\t\t\t\t<div class=\"elementor-widget-container\">\n\t\t\t\t\t<!-- Enfileirando as bibliotecas necess\u00e1rias -->\n<script data-minify=\"1\" src=\"https:\/\/ciparoni.com\/wp-content\/cache\/min\/1\/ajax\/libs\/intl-tel-input\/17.0.8\/js\/intlTelInput.min.js?ver=1716476492\"><\/script>\n\n<script data-minify=\"1\" src=\"https:\/\/ciparoni.com\/wp-content\/cache\/min\/1\/ajax\/libs\/jquery\/3.4.1\/jquery.min.js?ver=1716476492\"><\/script>\n\n<script data-minify=\"1\" src=\"https:\/\/cdnjs.cloudflare.com\/ajax\/libs\/intl-tel-input\/17.0.8\/js\/utils.js\"><\/script>\n\n<link rel=\"stylesheet\" href=\"https:\/\/cdnjs.cloudflare.com\/ajax\/libs\/intl-tel-input\/17.0.8\/css\/intlTelInput.min.css\" \/>\n\n<!-- Script customizado para o campo billing_phone -->\n<script>\n    const phoneInputField = document.querySelectorAll('input[type=\"tel\"]');\n    const btForm = document.querySelectorAll('.elementor-button[type=\"submit\"]');\n    let telefones = [];\n\n    for (i = 0; i < phoneInputField.length; i++){\n        var phone_number = window.intlTelInput(phoneInputField[i], {\n        separateDialCode: true,\n        preferredCountries:[\"br\"],\n        hiddenInput: \"full\",\n        utilsScript: \"\/\/cdnjs.cloudflare.com\/ajax\/libs\/intl-tel-input\/17.0.8\/js\/utils.js\"\n        });\n\n        telefones[i] = phone_number;\n    }\n\n    $(phoneInputField).each(function(i) {\n        $(\"form\").submit(function() {\n            var full_number = telefones[i].getNumber(intlTelInputUtils.numberFormat.E164);\n            var number_without_plus = removePlus(full_number);\n            $(phoneInputField[i]).val(number_without_plus);\n            console.log(phoneInputField[i]);\n            console.log(phone_number);\n        });\n    });\n\n    for (i = 0; i < phoneInputField.length; i++){\n        var larguraInput = phoneInputField[i].getBoundingClientRect().width;\n        $(\".iti__country-list\").css({width: larguraInput});\n    }\n\n    function removePlus(number) {\n        if (number.startsWith('+')) {\n            return number.substring(1);\n        }\n        return number;\n    }\n<\/script>\t\t\t\t<\/div>\n\t\t\t\t<\/div>\n\t\t\t\t\t<\/div>\n\t\t\t\t<\/div>\n\t\t\t\t<\/div>\n\t\t","protected":false},"excerpt":{"rendered":"<p>Ainda n\u00e3o faz parte? Cadastre-se Agora, \u00e9 Gr\u00e1tis ! Esqueceu a senha? ACESSAR A VITRINE<\/p>\n","protected":false},"author":36,"featured_media":5141,"parent":0,"menu_order":0,"comment_status":"closed","ping_status":"closed","template":"elementor_canvas","meta":{"site-sidebar-layout":"no-sidebar","site-content-layout":"","ast-site-content-layout":"full-width-container","site-content-style":"default","site-sidebar-style":"default","ast-global-header-display":"","ast-banner-title-visibility":"","ast-main-header-display":"","ast-hfb-above-header-display":"","ast-hfb-below-header-display":"","ast-hfb-mobile-header-display":"","site-post-title":"disabled","ast-breadcrumbs-content":"","ast-featured-img":"disabled","footer-sml-layout":"","ast-disable-related-posts":"","theme-transparent-header-meta":"","adv-header-id-meta":"","stick-header-meta":"","header-above-stick-meta":"","header-main-stick-meta":"","header-below-stick-meta":"","astra-migrate-meta-layouts":"default","ast-page-background-enabled":"default","ast-page-background-meta":{"desktop":{"background-color":"var(--ast-global-color-4)","background-image":"","background-repeat":"repeat","background-position":"center center","background-size":"auto","background-attachment":"scroll","background-type":"","background-media":"","overlay-type":"","overlay-color":"","overlay-opacity":"","overlay-gradient":""},"tablet":{"background-color":"","background-image":"","background-repeat":"repeat","background-position":"center center","background-size":"auto","background-attachment":"scroll","background-type":"","background-media":"","overlay-type":"","overlay-color":"","overlay-opacity":"","overlay-gradient":""},"mobile":{"background-color":"","background-image":"","background-repeat":"repeat","background-position":"center center","background-size":"auto","background-attachment":"scroll","background-type":"","background-media":"","overlay-type":"","overlay-color":"","overlay-opacity":"","overlay-gradient":""}},"ast-content-background-meta":{"desktop":{"background-color":"var(--ast-global-color-5)","background-image":"","background-repeat":"repeat","background-position":"center center","background-size":"auto","background-attachment":"scroll","background-type":"","background-media":"","overlay-type":"","overlay-color":"","overlay-opacity":"","overlay-gradient":""},"tablet":{"background-color":"var(--ast-global-color-5)","background-image":"","background-repeat":"repeat","background-position":"center center","background-size":"auto","background-attachment":"scroll","background-type":"","background-media":"","overlay-type":"","overlay-color":"","overlay-opacity":"","overlay-gradient":""},"mobile":{"background-color":"var(--ast-global-color-5)","background-image":"","background-repeat":"repeat","background-position":"center center","background-size":"auto","background-attachment":"scroll","background-type":"","background-media":"","overlay-type":"","overlay-color":"","overlay-opacity":"","overlay-gradient":""}},"footnotes":""},"class_list":["post-6521","page","type-page","status-publish","has-post-thumbnail","hentry"],"_links":{"self":[{"href":"https:\/\/membros.agroepecas.com.br\/vitrine\/wp-json\/wp\/v2\/pages\/6521","targetHints":{"allow":["GET"]}}],"collection":[{"href":"https:\/\/membros.agroepecas.com.br\/vitrine\/wp-json\/wp\/v2\/pages"}],"about":[{"href":"https:\/\/membros.agroepecas.com.br\/vitrine\/wp-json\/wp\/v2\/types\/page"}],"author":[{"embeddable":true,"href":"https:\/\/membros.agroepecas.com.br\/vitrine\/wp-json\/wp\/v2\/users\/36"}],"replies":[{"embeddable":true,"href":"https:\/\/membros.agroepecas.com.br\/vitrine\/wp-json\/wp\/v2\/comments?post=6521"}],"version-history":[{"count":20,"href":"https:\/\/membros.agroepecas.com.br\/vitrine\/wp-json\/wp\/v2\/pages\/6521\/revisions"}],"predecessor-version":[{"id":7421,"href":"https:\/\/membros.agroepecas.com.br\/vitrine\/wp-json\/wp\/v2\/pages\/6521\/revisions\/7421"}],"wp:featuredmedia":[{"embeddable":true,"href":"https:\/\/membros.agroepecas.com.br\/vitrine\/wp-json\/wp\/v2\/media\/5141"}],"wp:attachment":[{"href":"https:\/\/membros.agroepecas.com.br\/vitrine\/wp-json\/wp\/v2\/media?parent=6521"}],"curies":[{"name":"wp","href":"https:\/\/api.w.org\/{rel}","templated":true}]}}